{"id":1401,"date":"2023-05-02T16:45:27","date_gmt":"2023-05-02T14:45:27","guid":{"rendered":"https:\/\/vmbmobil.pl\/?page_id=1401"},"modified":"2026-02-26T15:40:00","modified_gmt":"2026-02-26T14:40:00","slug":"%d0%b2%d1%8b%d0%b1%d0%b5%d1%80%d0%b8%d1%82%d0%b5-%d0%b4%d0%b5%d0%b9%d1%81%d1%82%d0%b2%d0%b8%d0%b5","status":"publish","type":"page","link":"https:\/\/vmbmobil.pl\/","title":{"rendered":"VMB-mobil sp z o o"},"content":{"rendered":"    <div id=\"logo-intro\">\n        <!-- \u0412\u0435\u0440\u0445\u043d\u044f\u044f \u0438 \u043d\u0438\u0436\u043d\u044f\u044f \u043f\u043e\u043b\u043e\u0432\u0438\u043d\u043a\u0438 \u043b\u043e\u0433\u043e\u0442\u0438\u043f\u0430 -->\n        <img decoding=\"async\" src=\"https:\/\/vmbmobil.pl\/wp-content\/plugins\/logo-intro-animator\/logo-top.png?v=2\" class=\"logo-part top\" alt=\"Top Logo Part\">\n        <img decoding=\"async\" src=\"https:\/\/vmbmobil.pl\/wp-content\/plugins\/logo-intro-animator\/logo-bottom.png?v=2\" class=\"logo-part bottom\" alt=\"Bottom Logo Part\">\n    <\/div>\n\n    <div id=\"logo-intro-content\" style=\"display:none;\">\n            <\/div>\n\n    <style>\n        body.loading-logo {\n            overflow: hidden;\n        }\n\n        #logo-intro {\n            position: fixed;\n            z-index: 9999;\n            background: #000; \/* \u0427\u0451\u0440\u043d\u044b\u0439 \u0444\u043e\u043d *\/\n            top: 0; left: 0; right: 0; bottom: 0;\n            display: flex;\n            justify-content: center;\n            align-items: center;\n            flex-direction: column;\n        }\n\n        .logo-part {\n            position: absolute;\n            width: 400px;\n            height: auto;\n            opacity: 0;\n        }\n\n        .logo-part.top {\n            top: 40%;\n            animation: slideTop 1.2s ease forwards;\n            animation-delay: 1s; \n        }\n\n        .logo-part.bottom {\n            top: 60%;\n            animation: slideBottom 1.2s ease forwards;\n            \n        }\n\n        @keyframes slideTop {\n            0% { transform: translateX(-150%); opacity: 0; }\n            100% { transform: translateX(0); opacity: 1; }\n        }\n\n        @keyframes slideBottom {\n            0% { transform: translateX(150%); opacity: 0; }\n            100% { transform: translateX(0); opacity: 1; }\n        }\n    <\/style>\n\n    <script>\n        jQuery(document).ready(function($) {\n            console.log(\"Logo intro initialized\");\n            $('body').addClass('loading-logo');\n\n            \/\/ \u041e\u0436\u0438\u0434\u0430\u043d\u0438\u0435 \u0437\u0430\u0432\u0435\u0440\u0448\u0435\u043d\u0438\u044f \u0430\u043d\u0438\u043c\u0430\u0446\u0438\u0438 \u043f\u043e\u043b\u043e\u0432\u0438\u043d\u043e\u043a\n            setTimeout(function() {\n                console.log(\"Ending logo intro\");\n                $('#logo-intro').fadeOut(500, function() {\n                    $('#logo-intro').remove();\n                    $('#logo-intro-content').fadeIn(300);\n                    $('body').removeClass('loading-logo');\n                });\n            }, 3000);\n        });\n    <\/script>\n    \n\n\n\n<div class=\"wp-block-buttons is-content-justification-center is-layout-flex wp-container-core-buttons-is-layout-16018d1d wp-block-buttons-is-layout-flex\">\n<div class=\"wp-block-button has-custom-width wp-block-button__width-100 is-style-outline is-style-outline--2\"><a class=\"wp-block-button__link has-black-color has-light-gray-background-color has-text-color has-background has-link-color wp-element-button\" href=\"https:\/\/vmbmobil.pl\/?page_id=1612\" style=\"border-radius:100px\">\u0431\u0443\u0445\u0433\u0430\u043b\u0442\u0435\u0440<\/a><\/div>\n\n\n\n<div class=\"wp-block-button has-custom-width wp-block-button__width-100 is-style-outline is-style-outline--3\"><a class=\"wp-block-button__link has-black-color has-light-gray-background-color has-text-color has-background has-link-color wp-element-button\" href=\"https:\/\/vmbmobil.pl\/?page_id=4257\" style=\"border-radius:100px\">\u0415\u041a\u0421\u041f\u0415\u0414\u0418\u0426\u0406\u042f<\/a><\/div>\n<\/div>\n\n\n\n<div style=\"height:7px\" aria-hidden=\"true\" class=\"wp-block-spacer\"><\/div>\n\n\n<style>.kt-accordion-id1401_23840b-01 .kt-accordion-inner-wrap{column-gap:var(--global-kb-gap-md, 2rem);row-gap:0px;}.kt-accordion-id1401_23840b-01 .kt-accordion-panel-inner{border-top:0px solid transparent;border-right:0px solid transparent;border-bottom:0px solid transparent;border-left:0px solid transparent;padding-top:var(--global-kb-spacing-sm, 1.5rem);padding-right:var(--global-kb-spacing-sm, 1.5rem);padding-bottom:var(--global-kb-spacing-sm, 1.5rem);padding-left:var(--global-kb-spacing-sm, 1.5rem);}.kt-accordion-id1401_23840b-01 .wp-block-kadence-pane .kt-accordion-header-wrap .kt-blocks-accordion-header{border-top:2px solid #000;border-right:2px solid #000;border-bottom:2px solid #000;border-left:2px solid #000;border-top-left-radius:25px;border-top-right-radius:25px;border-bottom-right-radius:25px;border-bottom-left-radius:25px;background:#fff;font-size:12px;letter-spacing:-0.4px;font-family:-apple-system,BlinkMacSystemFont,\"Segoe UI\",Roboto,Oxygen-Sans,Ubuntu,Cantarell,\"Helvetica Neue\",sans-serif, \"Apple Color Emoji\", \"Segoe UI Emoji\", \"Segoe UI Symbol\";color:#000;padding-top:7px;padding-right:14px;padding-bottom:6px;padding-left:14px;}.kt-accordion-id1401_23840b-01:not( .kt-accodion-icon-style-basiccircle ):not( .kt-accodion-icon-style-xclosecircle ):not( .kt-accodion-icon-style-arrowcircle ) .kt-blocks-accordion-icon-trigger:after, .kt-accordion-id1401_23840b-01:not( .kt-accodion-icon-style-basiccircle ):not( .kt-accodion-icon-style-xclosecircle ):not( .kt-accodion-icon-style-arrowcircle ) .kt-blocks-accordion-icon-trigger:before{background:#000;}.kt-accordion-id1401_23840b-01:not( .kt-accodion-icon-style-basic ):not( .kt-accodion-icon-style-xclose ):not( .kt-accodion-icon-style-arrow ) .kt-blocks-accordion-icon-trigger{background:#000;}.kt-accordion-id1401_23840b-01:not( .kt-accodion-icon-style-basic ):not( .kt-accodion-icon-style-xclose ):not( .kt-accodion-icon-style-arrow ) .kt-blocks-accordion-icon-trigger:after, .kt-accordion-id1401_23840b-01:not( .kt-accodion-icon-style-basic ):not( .kt-accodion-icon-style-xclose ):not( .kt-accodion-icon-style-arrow ) .kt-blocks-accordion-icon-trigger:before{background:#fff;}.kt-accordion-id1401_23840b-01 .kt-accordion-header-wrap .kt-blocks-accordion-header:hover, body:not(.hide-focus-outline) .kt-accordion-id1401_23840b-01 .kt-accordion-header-wrap .kt-blocks-accordion-header:focus-visible{color:#444444;background:#24890d;border-top-color:#eeeeee;border-top-style:solid;border-right-color:#eeeeee;border-right-style:solid;border-bottom-color:#eeeeee;border-bottom-style:solid;border-left-color:#eeeeee;border-left-style:solid;}.kt-accordion-id1401_23840b-01:not( .kt-accodion-icon-style-basiccircle ):not( .kt-accodion-icon-style-xclosecircle ):not( .kt-accodion-icon-style-arrowcircle ) .kt-blocks-accordion-header:hover .kt-blocks-accordion-icon-trigger:after, .kt-accordion-id1401_23840b-01:not( .kt-accodion-icon-style-basiccircle ):not( .kt-accodion-icon-style-xclosecircle ):not( .kt-accodion-icon-style-arrowcircle ) .kt-blocks-accordion-header:hover .kt-blocks-accordion-icon-trigger:before, body:not(.hide-focus-outline) .kt-accordion-id1401_23840b-01:not( .kt-accodion-icon-style-basiccircle ):not( .kt-accodion-icon-style-xclosecircle ):not( .kt-accodion-icon-style-arrowcircle ) .kt-blocks-accordion--visible .kt-blocks-accordion-icon-trigger:after, body:not(.hide-focus-outline) .kt-accordion-id1401_23840b-01:not( .kt-accodion-icon-style-basiccircle ):not( .kt-accodion-icon-style-xclosecircle ):not( .kt-accodion-icon-style-arrowcircle ) .kt-blocks-accordion-header:focus-visible .kt-blocks-accordion-icon-trigger:before{background:#444444;}.kt-accordion-id1401_23840b-01:not( .kt-accodion-icon-style-basic ):not( .kt-accodion-icon-style-xclose ):not( .kt-accodion-icon-style-arrow ) .kt-blocks-accordion-header:hover .kt-blocks-accordion-icon-trigger, body:not(.hide-focus-outline) .kt-accordion-id1401_23840b-01:not( .kt-accodion-icon-style-basic ):not( .kt-accodion-icon-style-xclose ):not( .kt-accodion-icon-style-arrow ) .kt-blocks-accordion-header:focus-visible .kt-blocks-accordion-icon-trigger{background:#444444;}.kt-accordion-id1401_23840b-01:not( .kt-accodion-icon-style-basic ):not( .kt-accodion-icon-style-xclose ):not( .kt-accodion-icon-style-arrow ) .kt-blocks-accordion-header:hover .kt-blocks-accordion-icon-trigger:after, .kt-accordion-id1401_23840b-01:not( .kt-accodion-icon-style-basic ):not( .kt-accodion-icon-style-xclose ):not( .kt-accodion-icon-style-arrow ) .kt-blocks-accordion-header:hover .kt-blocks-accordion-icon-trigger:before, body:not(.hide-focus-outline) .kt-accordion-id1401_23840b-01:not( .kt-accodion-icon-style-basic ):not( .kt-accodion-icon-style-xclose ):not( .kt-accodion-icon-style-arrow ) .kt-blocks-accordion-header:focus-visible .kt-blocks-accordion-icon-trigger:after, body:not(.hide-focus-outline) .kt-accordion-id1401_23840b-01:not( .kt-accodion-icon-style-basic ):not( .kt-accodion-icon-style-xclose ):not( .kt-accodion-icon-style-arrow ) .kt-blocks-accordion-header:focus-visible .kt-blocks-accordion-icon-trigger:before{background:#24890d;}.kt-accordion-id1401_23840b-01 .kt-accordion-header-wrap .kt-blocks-accordion-header:focus-visible, .kt-accordion-id1401_23840b-01 .kt-accordion-header-wrap .kt-blocks-accordion-header.kt-accordion-panel-active{color:#000;background:#24890d;border-top-color:#444444;border-top-style:solid;border-right-color:#444444;border-right-style:solid;border-bottom-color:#444444;border-bottom-style:solid;border-left-color:#444444;border-left-style:solid;}.kt-accordion-id1401_23840b-01:not( .kt-accodion-icon-style-basiccircle ):not( .kt-accodion-icon-style-xclosecircle ):not( .kt-accodion-icon-style-arrowcircle ) .kt-blocks-accordion-header.kt-accordion-panel-active .kt-blocks-accordion-icon-trigger:after, .kt-accordion-id1401_23840b-01:not( .kt-accodion-icon-style-basiccircle ):not( .kt-accodion-icon-style-xclosecircle ):not( .kt-accodion-icon-style-arrowcircle ) .kt-blocks-accordion-header.kt-accordion-panel-active .kt-blocks-accordion-icon-trigger:before{background:#000;}.kt-accordion-id1401_23840b-01:not( .kt-accodion-icon-style-basic ):not( .kt-accodion-icon-style-xclose ):not( .kt-accodion-icon-style-arrow ) .kt-blocks-accordion-header.kt-accordion-panel-active .kt-blocks-accordion-icon-trigger{background:#000;}.kt-accordion-id1401_23840b-01:not( .kt-accodion-icon-style-basic ):not( .kt-accodion-icon-style-xclose ):not( .kt-accodion-icon-style-arrow ) .kt-blocks-accordion-header.kt-accordion-panel-active .kt-blocks-accordion-icon-trigger:after, .kt-accordion-id1401_23840b-01:not( .kt-accodion-icon-style-basic ):not( .kt-accodion-icon-style-xclose ):not( .kt-accodion-icon-style-arrow ) .kt-blocks-accordion-header.kt-accordion-panel-active .kt-blocks-accordion-icon-trigger:before{background:#24890d;}@media all and (max-width: 1024px){.kt-accordion-id1401_23840b-01 .kt-accordion-panel-inner{border-top:0px solid transparent;border-right:0px solid transparent;border-bottom:0px solid transparent;border-left:0px solid transparent;}}@media all and (max-width: 1024px){.kt-accordion-id1401_23840b-01 .wp-block-kadence-pane .kt-accordion-header-wrap .kt-blocks-accordion-header{border-top:2px solid #000;border-right:2px solid #000;border-bottom:2px solid #000;border-left:2px solid #000;}}@media all and (max-width: 1024px){.kt-accordion-id1401_23840b-01 .kt-accordion-header-wrap .kt-blocks-accordion-header:hover, body:not(.hide-focus-outline) .kt-accordion-id1401_23840b-01 .kt-accordion-header-wrap .kt-blocks-accordion-header:focus-visible{border-top-color:#eeeeee;border-top-style:solid;border-right-color:#eeeeee;border-right-style:solid;border-bottom-color:#eeeeee;border-bottom-style:solid;border-left-color:#eeeeee;border-left-style:solid;}}@media all and (max-width: 1024px){.kt-accordion-id1401_23840b-01 .kt-accordion-header-wrap .kt-blocks-accordion-header:focus-visible, .kt-accordion-id1401_23840b-01 .kt-accordion-header-wrap .kt-blocks-accordion-header.kt-accordion-panel-active{border-top-color:#444444;border-top-style:solid;border-right-color:#444444;border-right-style:solid;border-bottom-color:#444444;border-bottom-style:solid;border-left-color:#444444;border-left-style:solid;}}@media all and (max-width: 767px){.kt-accordion-id1401_23840b-01 .kt-accordion-inner-wrap{display:block;}.kt-accordion-id1401_23840b-01 .kt-accordion-inner-wrap .kt-accordion-pane:not(:first-child){margin-top:0px;}.kt-accordion-id1401_23840b-01 .kt-accordion-panel-inner{border-top:0px solid transparent;border-right:0px solid transparent;border-bottom:0px solid transparent;border-left:0px solid transparent;}.kt-accordion-id1401_23840b-01 .wp-block-kadence-pane .kt-accordion-header-wrap .kt-blocks-accordion-header{border-top:2px solid #000;border-right:2px solid #000;border-bottom:2px solid #000;border-left:2px solid #000;}.kt-accordion-id1401_23840b-01 .kt-accordion-header-wrap .kt-blocks-accordion-header:hover, body:not(.hide-focus-outline) .kt-accordion-id1401_23840b-01 .kt-accordion-header-wrap .kt-blocks-accordion-header:focus-visible{border-top-color:#eeeeee;border-top-style:solid;border-right-color:#eeeeee;border-right-style:solid;border-bottom-color:#eeeeee;border-bottom-style:solid;border-left-color:#eeeeee;border-left-style:solid;}.kt-accordion-id1401_23840b-01 .kt-accordion-header-wrap .kt-blocks-accordion-header:focus-visible, .kt-accordion-id1401_23840b-01 .kt-accordion-header-wrap .kt-blocks-accordion-header.kt-accordion-panel-active{border-top-color:#444444;border-top-style:solid;border-right-color:#444444;border-right-style:solid;border-bottom-color:#444444;border-bottom-style:solid;border-left-color:#444444;border-left-style:solid;}}<\/style>\n<div class=\"wp-block-kadence-accordion alignnone\"><div class=\"kt-accordion-wrap kt-accordion-id1401_23840b-01 kt-accordion-has-2-panes kt-active-pane-0 kt-accordion-block kt-pane-header-alignment-center kt-accodion-icon-style-none kt-accodion-icon-side-right\" style=\"max-width:none\"><div class=\"kt-accordion-inner-wrap\" data-allow-multiple-open=\"false\" data-start-open=\"none\">\n<div class=\"wp-block-kadence-pane kt-accordion-pane kt-accordion-pane-1 kt-pane1401_1abe83-ee\"><div class=\"kt-accordion-header-wrap\"><button class=\"kt-blocks-accordion-header kt-acccordion-button-label-show\" type=\"button\"><span class=\"kt-blocks-accordion-title-wrap\"><span class=\"kt-blocks-accordion-title\"><strong>\u0412\u041e\u0414\u0406\u0407<\/strong><\/span><\/span><span class=\"kt-blocks-accordion-icon-trigger\"><\/span><\/button><\/div><div class=\"kt-accordion-panel kt-accordion-panel-hidden\"><div class=\"kt-accordion-panel-inner\">\n<div class=\"wp-block-buttons is-content-justification-center is-layout-flex wp-container-core-buttons-is-layout-16018d1d wp-block-buttons-is-layout-flex\">\n<div class=\"wp-block-button has-custom-width wp-block-button__width-100 is-style-outline is-style-outline--4\"><a class=\"wp-block-button__link has-black-color has-text-color has-background has-link-color wp-element-button\" href=\"https:\/\/vmbmobil.pl\/?page_id=1627\" style=\"border-radius:100px;background:radial-gradient(rgb(238,238,238) 0%,rgb(169,184,195) 100%)\">\u0412\u041e\u0414\u0406\u0419-001<\/a><\/div>\n\n\n\n<div class=\"wp-block-button has-custom-width wp-block-button__width-100 is-style-outline is-style-outline--5\"><a class=\"wp-block-button__link has-black-color has-text-color has-background has-link-color wp-element-button\" href=\"https:\/\/vmbmobil.pl\/?page_id=1578\" style=\"border-radius:100px;background:radial-gradient(rgb(238,238,238) 0%,rgb(169,184,195) 100%)\">\u0412\u041e\u0414\u0406\u0419-002<\/a><\/div>\n\n\n\n<div class=\"wp-block-button has-custom-width wp-block-button__width-100 is-style-outline is-style-outline--6\"><a class=\"wp-block-button__link has-black-color has-text-color has-background has-link-color wp-element-button\" href=\"https:\/\/vmbmobil.pl\/?page_id=1635\" style=\"border-radius:100px;background:radial-gradient(rgb(238,238,238) 0%,rgb(169,184,195) 100%)\">\u0412\u041e\u0414\u0406\u0419-003<\/a><\/div>\n\n\n\n<div class=\"wp-block-button has-custom-width wp-block-button__width-100 is-style-outline is-style-outline--7\"><a class=\"wp-block-button__link has-black-color has-text-color has-background has-link-color wp-element-button\" href=\"https:\/\/vmbmobil.pl\/?page_id=1675\" style=\"border-radius:100px;background:radial-gradient(rgb(238,238,238) 0%,rgb(169,184,195) 100%)\">\u0412\u041e\u0414\u0406\u0419-004<\/a><\/div>\n\n\n\n<div class=\"wp-block-button has-custom-width wp-block-button__width-100 is-style-outline is-style-outline--8\"><a class=\"wp-block-button__link has-black-color has-text-color has-background has-link-color wp-element-button\" href=\"https:\/\/vmbmobil.pl\/?page_id=1713\" style=\"border-radius:100px;background:radial-gradient(rgb(238,238,238) 0%,rgb(169,184,195) 100%)\">\u0412\u041e\u0414\u0406\u0419-005<\/a><\/div>\n\n\n\n<div class=\"wp-block-button has-custom-width wp-block-button__width-100 is-style-outline is-style-outline--9\"><a class=\"wp-block-button__link has-black-color has-text-color has-background has-link-color wp-element-button\" href=\"https:\/\/vmbmobil.pl\/?page_id=1738\" style=\"border-radius:100px;background:radial-gradient(rgb(238,238,238) 0%,rgb(169,184,195) 100%)\">\u0412\u041e\u0414\u0406\u0419-006<\/a><\/div>\n\n\n\n<div class=\"wp-block-button has-custom-width wp-block-button__width-100 is-style-outline is-style-outline--10\"><a class=\"wp-block-button__link has-black-color has-text-color has-background has-link-color wp-element-button\" href=\"https:\/\/vmbmobil.pl\/?page_id=1758\" style=\"border-radius:100px;background:radial-gradient(rgb(238,238,238) 0%,rgb(169,184,195) 100%)\">\u0412\u041e\u0414\u0406\u0419-007<\/a><\/div>\n\n\n\n<div class=\"wp-block-button has-custom-width wp-block-button__width-100 is-style-outline is-style-outline--11\"><a class=\"wp-block-button__link has-black-color has-text-color has-background has-link-color wp-element-button\" href=\"https:\/\/vmbmobil.pl\/?page_id=1889\" style=\"border-radius:100px;background:radial-gradient(rgb(238,238,238) 0%,rgb(169,184,195) 100%)\">\u0412\u041e\u0414\u0406\u0419-008<\/a><\/div>\n\n\n\n<div class=\"wp-block-button has-custom-width wp-block-button__width-100 is-style-outline is-style-outline--12\"><a class=\"wp-block-button__link has-black-color has-text-color has-background has-link-color wp-element-button\" href=\"https:\/\/vmbmobil.pl\/?page_id=4110\" style=\"border-radius:100px;background:radial-gradient(rgb(238,238,238) 0%,rgb(169,184,195) 100%)\">\u0412\u041e\u0414\u0406\u0419-009<\/a><\/div>\n\n\n\n<div class=\"wp-block-button has-custom-width wp-block-button__width-100 is-style-outline is-style-outline--13\"><a class=\"wp-block-button__link has-black-color has-text-color has-background has-link-color wp-element-button\" href=\"https:\/\/vmbmobil.pl\/?page_id=4185\" style=\"border-radius:100px;background:radial-gradient(rgb(238,238,238) 0%,rgb(169,184,195) 100%)\">\u0412\u041e\u0414\u0406\u0419-010<\/a><\/div>\n\n\n\n<div class=\"wp-block-button has-custom-width wp-block-button__width-100 is-style-outline is-style-outline--14\"><a class=\"wp-block-button__link has-black-color has-text-color has-background has-link-color wp-element-button\" href=\"https:\/\/vmbmobil.pl\/?page_id=4200\" style=\"border-radius:100px;background:radial-gradient(rgb(238,238,238) 0%,rgb(169,184,195) 100%)\">\u0412\u041e\u0414\u0406\u0419-011<\/a><\/div>\n\n\n\n<div class=\"wp-block-button has-custom-width wp-block-button__width-100 is-style-outline is-style-outline--15\"><a class=\"wp-block-button__link has-black-color has-text-color has-background has-link-color wp-element-button\" href=\"https:\/\/vmbmobil.pl\/?page_id=4308\" style=\"border-radius:100px;background:radial-gradient(rgb(238,238,238) 0%,rgb(169,184,195) 100%)\">\u0412\u041e\u0414\u0406\u0419-012<\/a><\/div>\n<\/div>\n<\/div><\/div><\/div>\n<\/div><\/div><\/div>\n\n\n\n<div style=\"height:7px\" aria-hidden=\"true\" class=\"wp-block-spacer\"><\/div>\n\n\n\n<div class=\"wp-block-buttons is-content-justification-center is-layout-flex wp-container-core-buttons-is-layout-16018d1d wp-block-buttons-is-layout-flex\">\n<div class=\"wp-block-button has-custom-width wp-block-button__width-100 is-style-outline is-style-outline--16\"><a class=\"wp-block-button__link has-black-color has-light-gray-background-color has-text-color has-background has-link-color wp-element-button\" href=\"https:\/\/vmbmobil.pl\/?page_id=4349\" style=\"border-radius:100px\">\u043a\u0435\u0440\u0456\u0432\u043d\u0438\u043a<\/a><\/div>\n\n\n\n<div class=\"wp-block-button has-custom-width wp-block-button__width-100 is-style-outline is-style-outline--17\"><a class=\"wp-block-button__link has-black-color has-light-gray-background-color has-text-color has-background has-link-color wp-element-button\" href=\"https:\/\/vmbmobil.pl\/?page_id=3930\" style=\"border-radius:100px\">Ksi\u0119gowo\u015b\u0107<\/a><\/div>\n\n\n\n<div class=\"wp-block-button has-custom-width wp-block-button__width-100 is-style-outline is-style-outline--18\"><a class=\"wp-block-button__link has-black-color has-light-gray-background-color has-text-color has-background has-link-color wp-element-button\" href=\"https:\/\/vmbmobil.pl\/?page_id=4072\" style=\"border-radius:100px\">KADRY<\/a><\/div>\n<\/div>\n\n\n\n<p><\/p>\n","protected":false},"excerpt":{"rendered":"","protected":false},"author":1,"featured_media":0,"parent":0,"menu_order":0,"comment_status":"closed","ping_status":"closed","template":"","meta":{"_kadence_starter_templates_imported_post":false,"footnotes":""},"class_list":["post-1401","page","type-page","status-publish","hentry"],"yoast_head":"<!-- This site is optimized with the Yoast SEO plugin v24.9 - https:\/\/yoast.com\/wordpress\/plugins\/seo\/ -->\n<title>VMB-mobil sp z o o - VMB-mobil<\/title>\n<meta name=\"robots\" content=\"index, follow, max-snippet:-1, max-image-preview:large, max-video-preview:-1\" \/>\n<link rel=\"canonical\" href=\"https:\/\/vmbmobil.pl\/\" \/>\n<meta property=\"og:locale\" content=\"ru_RU\" \/>\n<meta property=\"og:type\" content=\"article\" \/>\n<meta property=\"og:title\" content=\"VMB-mobil sp z o o - VMB-mobil\" \/>\n<meta property=\"og:url\" content=\"https:\/\/vmbmobil.pl\/\" \/>\n<meta property=\"og:site_name\" content=\"VMB-mobil\" \/>\n<meta property=\"article:modified_time\" content=\"2026-02-26T14:40:00+00:00\" \/>\n<meta name=\"twitter:card\" content=\"summary_large_image\" \/>\n<meta name=\"twitter:label1\" content=\"\u041f\u0440\u0438\u043c\u0435\u0440\u043d\u043e\u0435 \u0432\u0440\u0435\u043c\u044f \u0434\u043b\u044f \u0447\u0442\u0435\u043d\u0438\u044f\" \/>\n\t<meta name=\"twitter:data1\" content=\"1 \u043c\u0438\u043d\u0443\u0442\u0430\" \/>\n<script type=\"application\/ld+json\" class=\"yoast-schema-graph\">{\"@context\":\"https:\/\/schema.org\",\"@graph\":[{\"@type\":\"WebPage\",\"@id\":\"https:\/\/vmbmobil.pl\/\",\"url\":\"https:\/\/vmbmobil.pl\/\",\"name\":\"VMB-mobil sp z o o - VMB-mobil\",\"isPartOf\":{\"@id\":\"https:\/\/vmbmobil.pl\/#website\"},\"datePublished\":\"2023-05-02T14:45:27+00:00\",\"dateModified\":\"2026-02-26T14:40:00+00:00\",\"breadcrumb\":{\"@id\":\"https:\/\/vmbmobil.pl\/#breadcrumb\"},\"inLanguage\":\"ru-RU\",\"potentialAction\":[{\"@type\":\"ReadAction\",\"target\":[\"https:\/\/vmbmobil.pl\/\"]}]},{\"@type\":\"BreadcrumbList\",\"@id\":\"https:\/\/vmbmobil.pl\/#breadcrumb\",\"itemListElement\":[{\"@type\":\"ListItem\",\"position\":1,\"name\":\"Home\",\"item\":\"https:\/\/vmbmobil.pl\/\"},{\"@type\":\"ListItem\",\"position\":2,\"name\":\"VMB-mobil sp z o o\"}]},{\"@type\":\"WebSite\",\"@id\":\"https:\/\/vmbmobil.pl\/#website\",\"url\":\"https:\/\/vmbmobil.pl\/\",\"name\":\"VMB-mobil\",\"description\":\"Kolejna witryna oparta na WordPressie\",\"potentialAction\":[{\"@type\":\"SearchAction\",\"target\":{\"@type\":\"EntryPoint\",\"urlTemplate\":\"https:\/\/vmbmobil.pl\/?s={search_term_string}\"},\"query-input\":{\"@type\":\"PropertyValueSpecification\",\"valueRequired\":true,\"valueName\":\"search_term_string\"}}],\"inLanguage\":\"ru-RU\"}]}<\/script>\n<!-- \/ Yoast SEO plugin. -->","yoast_head_json":{"title":"VMB-mobil sp z o o - VMB-mobil","robots":{"index":"index","follow":"follow","max-snippet":"max-snippet:-1","max-image-preview":"max-image-preview:large","max-video-preview":"max-video-preview:-1"},"canonical":"https:\/\/vmbmobil.pl\/","og_locale":"ru_RU","og_type":"article","og_title":"VMB-mobil sp z o o - VMB-mobil","og_url":"https:\/\/vmbmobil.pl\/","og_site_name":"VMB-mobil","article_modified_time":"2026-02-26T14:40:00+00:00","twitter_card":"summary_large_image","twitter_misc":{"\u041f\u0440\u0438\u043c\u0435\u0440\u043d\u043e\u0435 \u0432\u0440\u0435\u043c\u044f \u0434\u043b\u044f \u0447\u0442\u0435\u043d\u0438\u044f":"1 \u043c\u0438\u043d\u0443\u0442\u0430"},"schema":{"@context":"https:\/\/schema.org","@graph":[{"@type":"WebPage","@id":"https:\/\/vmbmobil.pl\/","url":"https:\/\/vmbmobil.pl\/","name":"VMB-mobil sp z o o - VMB-mobil","isPartOf":{"@id":"https:\/\/vmbmobil.pl\/#website"},"datePublished":"2023-05-02T14:45:27+00:00","dateModified":"2026-02-26T14:40:00+00:00","breadcrumb":{"@id":"https:\/\/vmbmobil.pl\/#breadcrumb"},"inLanguage":"ru-RU","potentialAction":[{"@type":"ReadAction","target":["https:\/\/vmbmobil.pl\/"]}]},{"@type":"BreadcrumbList","@id":"https:\/\/vmbmobil.pl\/#breadcrumb","itemListElement":[{"@type":"ListItem","position":1,"name":"Home","item":"https:\/\/vmbmobil.pl\/"},{"@type":"ListItem","position":2,"name":"VMB-mobil sp z o o"}]},{"@type":"WebSite","@id":"https:\/\/vmbmobil.pl\/#website","url":"https:\/\/vmbmobil.pl\/","name":"VMB-mobil","description":"Kolejna witryna oparta na WordPressie","potentialAction":[{"@type":"SearchAction","target":{"@type":"EntryPoint","urlTemplate":"https:\/\/vmbmobil.pl\/?s={search_term_string}"},"query-input":{"@type":"PropertyValueSpecification","valueRequired":true,"valueName":"search_term_string"}}],"inLanguage":"ru-RU"}]}},"_links":{"self":[{"href":"https:\/\/vmbmobil.pl\/index.php?rest_route=\/wp\/v2\/pages\/1401","targetHints":{"allow":["GET"]}}],"collection":[{"href":"https:\/\/vmbmobil.pl\/index.php?rest_route=\/wp\/v2\/pages"}],"about":[{"href":"https:\/\/vmbmobil.pl\/index.php?rest_route=\/wp\/v2\/types\/page"}],"author":[{"embeddable":true,"href":"https:\/\/vmbmobil.pl\/index.php?rest_route=\/wp\/v2\/users\/1"}],"replies":[{"embeddable":true,"href":"https:\/\/vmbmobil.pl\/index.php?rest_route=%2Fwp%2Fv2%2Fcomments&post=1401"}],"version-history":[{"count":88,"href":"https:\/\/vmbmobil.pl\/index.php?rest_route=\/wp\/v2\/pages\/1401\/revisions"}],"predecessor-version":[{"id":4389,"href":"https:\/\/vmbmobil.pl\/index.php?rest_route=\/wp\/v2\/pages\/1401\/revisions\/4389"}],"wp:attachment":[{"href":"https:\/\/vmbmobil.pl\/index.php?rest_route=%2Fwp%2Fv2%2Fmedia&parent=1401"}],"curies":[{"name":"wp","href":"https:\/\/api.w.org\/{rel}","templated":true}]}}