{"id":3930,"date":"2025-04-16T15:18:52","date_gmt":"2025-04-16T13:18:52","guid":{"rendered":"https:\/\/vmbmobil.pl\/?page_id=3930"},"modified":"2026-02-26T18:33:22","modified_gmt":"2026-02-26T17:33:22","slug":"ksiegowosc","status":"publish","type":"page","link":"https:\/\/vmbmobil.pl\/?page_id=3930","title":{"rendered":"Ksi\u0119gowo\u015b\u0107"},"content":{"rendered":"","protected":true},"excerpt":{"rendered":"","protected":true},"author":1,"featured_media":0,"parent":0,"menu_order":0,"comment_status":"closed","ping_status":"closed","template":"page-empty-template.php","meta":{"_kadence_starter_templates_imported_post":false,"footnotes":""},"class_list":["post-3930","page","type-page","status-publish","post-password-required","hentry"],"yoast_head":"<!-- This site is optimized with the Yoast SEO plugin v24.9 - https:\/\/yoast.com\/wordpress\/plugins\/seo\/ -->\n<title>Ksi\u0119gowo\u015b\u0107 - VMB-mobil<\/title>\n<meta name=\"robots\" content=\"index, follow, max-snippet:-1, max-image-preview:large, max-video-preview:-1\" \/>\n<link rel=\"canonical\" href=\"https:\/\/vmbmobil.pl\/?page_id=3930\" \/>\n<meta property=\"og:locale\" content=\"ru_RU\" \/>\n<meta property=\"og:type\" content=\"article\" \/>\n<meta property=\"og:title\" content=\"Ksi\u0119gowo\u015b\u0107 - VMB-mobil\" \/>\n<meta property=\"og:description\" content=\"\u041e\u0442\u0440\u044b\u0432\u043a\u0430 \u043d\u0435\u0442, \u043f\u043e\u0442\u043e\u043c\u0443 \u0447\u0442\u043e \u0437\u0430\u043f\u0438\u0441\u044c \u0437\u0430\u0449\u0438\u0449\u0435\u043d\u0430.\" \/>\n<meta property=\"og:url\" content=\"https:\/\/vmbmobil.pl\/?page_id=3930\" \/>\n<meta property=\"og:site_name\" content=\"VMB-mobil\" \/>\n<meta property=\"article:modified_time\" content=\"2026-02-26T17:33:22+00:00\" \/>\n<meta name=\"twitter:card\" content=\"summary_large_image\" \/>\n<meta name=\"twitter:label1\" content=\"\u041f\u0440\u0438\u043c\u0435\u0440\u043d\u043e\u0435 \u0432\u0440\u0435\u043c\u044f \u0434\u043b\u044f \u0447\u0442\u0435\u043d\u0438\u044f\" \/>\n\t<meta name=\"twitter:data1\" content=\"1 \u043c\u0438\u043d\u0443\u0442\u0430\" \/>\n<script type=\"application\/ld+json\" class=\"yoast-schema-graph\">{\"@context\":\"https:\/\/schema.org\",\"@graph\":[{\"@type\":\"WebPage\",\"@id\":\"https:\/\/vmbmobil.pl\/?page_id=3930\",\"url\":\"https:\/\/vmbmobil.pl\/?page_id=3930\",\"name\":\"Ksi\u0119gowo\u015b\u0107 - VMB-mobil\",\"isPartOf\":{\"@id\":\"https:\/\/vmbmobil.pl\/#website\"},\"datePublished\":\"2025-04-16T13:18:52+00:00\",\"dateModified\":\"2026-02-26T17:33:22+00:00\",\"breadcrumb\":{\"@id\":\"https:\/\/vmbmobil.pl\/?page_id=3930#breadcrumb\"},\"inLanguage\":\"ru-RU\"},{\"@type\":\"WebSite\",\"@id\":\"https:\/\/vmbmobil.pl\/#website\",\"url\":\"https:\/\/vmbmobil.pl\/\",\"name\":\"VMB-mobil\",\"description\":\"Kolejna witryna oparta na WordPressie\",\"potentialAction\":[{\"@type\":\"SearchAction\",\"target\":{\"@type\":\"EntryPoint\",\"urlTemplate\":\"https:\/\/vmbmobil.pl\/?s={search_term_string}\"},\"query-input\":{\"@type\":\"PropertyValueSpecification\",\"valueRequired\":true,\"valueName\":\"search_term_string\"}}],\"inLanguage\":\"ru-RU\"}]}<\/script>\n<!-- \/ Yoast SEO plugin. -->","yoast_head_json":{"title":"Ksi\u0119gowo\u015b\u0107 - VMB-mobil","robots":{"index":"index","follow":"follow","max-snippet":"max-snippet:-1","max-image-preview":"max-image-preview:large","max-video-preview":"max-video-preview:-1"},"canonical":"https:\/\/vmbmobil.pl\/?page_id=3930","og_locale":"ru_RU","og_type":"article","og_title":"Ksi\u0119gowo\u015b\u0107 - VMB-mobil","og_description":"\u041e\u0442\u0440\u044b\u0432\u043a\u0430 \u043d\u0435\u0442, \u043f\u043e\u0442\u043e\u043c\u0443 \u0447\u0442\u043e \u0437\u0430\u043f\u0438\u0441\u044c \u0437\u0430\u0449\u0438\u0449\u0435\u043d\u0430.","og_url":"https:\/\/vmbmobil.pl\/?page_id=3930","og_site_name":"VMB-mobil","article_modified_time":"2026-02-26T17:33:22+00:00","twitter_card":"summary_large_image","twitter_misc":{"\u041f\u0440\u0438\u043c\u0435\u0440\u043d\u043e\u0435 \u0432\u0440\u0435\u043c\u044f \u0434\u043b\u044f \u0447\u0442\u0435\u043d\u0438\u044f":"1 \u043c\u0438\u043d\u0443\u0442\u0430"},"schema":{"@context":"https:\/\/schema.org","@graph":[{"@type":"WebPage","@id":"https:\/\/vmbmobil.pl\/?page_id=3930","url":"https:\/\/vmbmobil.pl\/?page_id=3930","name":"Ksi\u0119gowo\u015b\u0107 - VMB-mobil","isPartOf":{"@id":"https:\/\/vmbmobil.pl\/#website"},"datePublished":"2025-04-16T13:18:52+00:00","dateModified":"2026-02-26T17:33:22+00:00","breadcrumb":{"@id":"https:\/\/vmbmobil.pl\/?page_id=3930#breadcrumb"},"inLanguage":"ru-RU"},{"@type":"WebSite","@id":"https:\/\/vmbmobil.pl\/#website","url":"https:\/\/vmbmobil.pl\/","name":"VMB-mobil","description":"Kolejna witryna oparta na WordPressie","potentialAction":[{"@type":"SearchAction","target":{"@type":"EntryPoint","urlTemplate":"https:\/\/vmbmobil.pl\/?s={search_term_string}"},"query-input":{"@type":"PropertyValueSpecification","valueRequired":true,"valueName":"search_term_string"}}],"inLanguage":"ru-RU"}]}},"_links":{"self":[{"href":"https:\/\/vmbmobil.pl\/index.php?rest_route=\/wp\/v2\/pages\/3930","targetHints":{"allow":["GET"]}}],"collection":[{"href":"https:\/\/vmbmobil.pl\/index.php?rest_route=\/wp\/v2\/pages"}],"about":[{"href":"https:\/\/vmbmobil.pl\/index.php?rest_route=\/wp\/v2\/types\/page"}],"author":[{"embeddable":true,"href":"https:\/\/vmbmobil.pl\/index.php?rest_route=\/wp\/v2\/users\/1"}],"replies":[{"embeddable":true,"href":"https:\/\/vmbmobil.pl\/index.php?rest_route=%2Fwp%2Fv2%2Fcomments&post=3930"}],"version-history":[{"count":45,"href":"https:\/\/vmbmobil.pl\/index.php?rest_route=\/wp\/v2\/pages\/3930\/revisions"}],"predecessor-version":[{"id":4390,"href":"https:\/\/vmbmobil.pl\/index.php?rest_route=\/wp\/v2\/pages\/3930\/revisions\/4390"}],"wp:attachment":[{"href":"https:\/\/vmbmobil.pl\/index.php?rest_route=%2Fwp%2Fv2%2Fmedia&parent=3930"}],"curies":[{"name":"wp","href":"https:\/\/api.w.org\/{rel}","templated":true}]}}